{"id":15,"date":"2023-08-30T00:46:19","date_gmt":"2023-08-30T00:46:19","guid":{"rendered":"https:\/\/centralargentino.ar\/?page_id=15"},"modified":"2023-09-07T15:29:49","modified_gmt":"2023-09-07T15:29:49","slug":"central-argentino","status":"publish","type":"page","link":"https:\/\/central-argentino.com.ar\/","title":{"rendered":"Central Argentino"},"content":{"rendered":"\n<div class=\"slider-wrapper relative\" id=\"slider-1308755005\" >\n    <div class=\"slider slider-nav-circle slider-nav-large slider-nav-light slider-style-normal\"\n        data-flickity-options='{\n            \"cellAlign\": \"center\",\n            \"imagesLoaded\": true,\n            \"lazyLoad\": 1,\n            \"freeScroll\": false,\n            \"wrapAround\": true,\n            \"autoPlay\": 6000,\n            \"pauseAutoPlayOnHover\" : true,\n            \"prevNextButtons\": true,\n            \"contain\" : true,\n            \"adaptiveHeight\" : true,\n            \"dragThreshold\" : 10,\n            \"percentPosition\": true,\n            \"pageDots\": true,\n            \"rightToLeft\": false,\n            \"draggable\": true,\n            \"selectedAttraction\": 0.1,\n            \"parallax\" : 0,\n            \"friction\": 0.6        }'\n        >\n        \n\n\n  <div class=\"banner has-hover is-full-height\" id=\"banner-2083830316\">\n          <div class=\"banner-inner fill\">\n        <div class=\"banner-bg fill\" >\n            <div class=\"bg fill bg-fill \"><\/div>\n                        <div class=\"overlay\"><\/div>            \n                    <\/div>\n\t\t\n        <div class=\"banner-layers container\">\n            <div class=\"fill banner-link\"><\/div>            \n\n   <div id=\"text-box-1558340167\" class=\"text-box banner-layer x50 md-x50 lg-x50 y50 md-y100 lg-y100 res-text\">\n              <div data-parallax=\"-1\" data-parallax-fade=\"true\">       <div data-animate=\"bounceIn\">           <div class=\"text-box-content text dark\">\n              \n              <div class=\"text-inner text-center\">\n                  \n\n<div class=\"row\"  id=\"row-2102669824\">\n\n\n\t<div id=\"col-2107268450\" class=\"col medium-11 small-12 large-11\"  >\n\t\t\t\t<div class=\"col-inner\" style=\"background-color:#446084;\" >\n\t\t\t\n\t\t\t\n\n<p><!-- booking home --><\/p>\n<div class=\"bot-home-text onStep\" data-animation=\"fadeInUp\" data-time=\"200\">\n<div class=\"container\">\n<div class=\"contenedor-widget-p10\" style=\"width:auto; height:auto;\"><\/div>\n<p>            <script src=\"https:\/\/s3.amazonaws.com\/p10-cdn\/public\/scripts\/widget-responsive.min.jsgz\" nombreapp=\"centralargentino\" colorbuscador=\"3B6DB2\" colorboton=\"637382\" colorbotonhover=\"2A3062\" colorfuente=\"FFFFFF\" nombretracking=\"\" lang=\"es\" pais=\"ar\" dominio=\"https:\/\/www.plataforma10.com.ar\" utmsource=\"widget\" utmmedium=\"widget\" utmcampaign=\"widget\" mostrarleyendap10=\"\"><\/script><\/p>\n<\/div>\n<\/div>\n<p>\n<!-- booking home end --><\/p>\n\n\t\t<\/div>\n\t\t\t\t\t<\/div>\n\n\t\n\n<\/div>\n\n              <\/div>\n           <\/div>\n       <\/div>       <\/div>              \n<style>\n#text-box-1558340167 {\n  width: 80%;\n}\n#text-box-1558340167 .text-box-content {\n  font-size: 100%;\n}\n@media (min-width:550px) {\n  #text-box-1558340167 {\n    width: 97%;\n  }\n}\n<\/style>\n    <\/div>\n \n\n        <\/div>\n      <\/div>\n\n            \n<style>\n#banner-2083830316 {\n  padding-top: 100%;\n}\n#banner-2083830316 .bg.bg-loaded {\n  background-image: url(https:\/\/central-argentino.com.ar\/wp-content\/uploads\/2023\/08\/133_portones-del-parque-02-1600x900-1-1024x595.png);\n}\n#banner-2083830316 .overlay {\n  background-color: rgba(0, 0, 0, 0.273);\n}\n#banner-2083830316 .bg {\n  background-position: 68% 27%;\n}\n<\/style>\n  <\/div>\n\n\n\n     <\/div>\n\n     <div class=\"loading-spin dark large centered\"><\/div>\n\n\t<\/div>\n\n\n<div class=\"message-box relative dark\" style=\"padding-top:15px;padding-bottom:15px;\"><div class=\"message-box-bg-image bg-fill fill\" ><\/div><div class=\"message-box-bg-overlay bg-fill fill\" style=\"background-color:rgb(6, 89, 130);\"><\/div><div class=\"container relative\"><div class=\"inner last-reset\">\n\n<h2 style=\"text-align: center;\">Con Plataforma 10 , vos eleg\u00eds la manera de comprar.<\/h2>\n<p style=\"text-align: center;\">Pod\u00e9s realizar la compra desde la comodidad de computadora o celular y luego imprimir tu pasaje en una hoja tama\u00f1o A4 o Carta<\/p>\n\t<div id=\"gap-9494691\" class=\"gap-element clearfix\" style=\"display:block; height:auto;\">\n\t\t\n<style>\n#gap-9494691 {\n  padding-top: 30px;\n}\n<\/style>\n\t<\/div>\n\t\n\n<div class=\"row align-middle align-center\"  id=\"row-1732715371\">\n\n\n\t<div id=\"col-1183470819\" class=\"col medium-9 small-12 large-9\"  >\n\t\t\t\t<div class=\"col-inner text-center\"  >\n\t\t\t\n\t\t\t\n\n<div class=\"row\"  id=\"row-605202285\">\n\n\n\t<div id=\"col-973236723\" class=\"col medium-3 small-6 large-3\"  >\n\t\t\t\t<div class=\"col-inner\"  >\n\t\t\t\n\t\t\t\n\n<div class=\"row\"  id=\"row-1019288016\">\n\n\n\t<div id=\"col-1434713545\" class=\"col small-12 large-12\"  >\n\t\t\t\t<div class=\"col-inner\" style=\"background-color:#446084;\" >\n\t\t\t\n\t\t\t\n\n\t<div id=\"text-148329907\" class=\"text\">\n\t\t\n\n<p>Origen<\/p>\n\t\t\n<style>\n#text-148329907 {\n  color: rgb(255,255,255);\n}\n#text-148329907 > * {\n  color: rgb(255,255,255);\n}\n<\/style>\n\t<\/div>\n\t\n\n\t\t<\/div>\n\t\t\t\t\n<style>\n#col-1434713545 > .col-inner {\n  border-radius: 100px;\n}\n<\/style>\n\t<\/div>\n\n\t\n\n<\/div>\n\n\t\t<\/div>\n\t\t\t\t\t<\/div>\n\n\t\n\n\t<div id=\"col-256290246\" class=\"col medium-3 small-6 large-3\"  >\n\t\t\t\t<div class=\"col-inner\"  >\n\t\t\t\n\t\t\t\n\n<div class=\"row\"  id=\"row-1309142445\">\n\n\n\t<div id=\"col-1795291417\" class=\"col small-12 large-12\"  >\n\t\t\t\t<div class=\"col-inner\" style=\"background-color:#446084;\" >\n\t\t\t\n\t\t\t\n\n\t<div id=\"text-693679017\" class=\"text\">\n\t\t\n\n<p>Destino<\/p>\n\t\t\n<style>\n#text-693679017 {\n  color: rgb(255,255,255);\n}\n#text-693679017 > * {\n  color: rgb(255,255,255);\n}\n<\/style>\n\t<\/div>\n\t\n\n\t\t<\/div>\n\t\t\t\t\n<style>\n#col-1795291417 > .col-inner {\n  border-radius: 100px;\n}\n<\/style>\n\t<\/div>\n\n\t\n\n<\/div>\n\n\t\t<\/div>\n\t\t\t\t\t<\/div>\n\n\t\n\n\t<div id=\"col-644094412\" class=\"col medium-3 small-6 large-3\"  >\n\t\t\t\t<div class=\"col-inner\"  >\n\t\t\t\n\t\t\t\n\n<div class=\"row\"  id=\"row-1867500167\">\n\n\n\t<div id=\"col-132141969\" class=\"col small-12 large-12\"  >\n\t\t\t\t<div class=\"col-inner\" style=\"background-color:#446084;\" >\n\t\t\t\n\t\t\t\n\n\t<div id=\"text-1823363745\" class=\"text\">\n\t\t\n\n<p>Fecha Salida<\/p>\n\t\t\n<style>\n#text-1823363745 {\n  color: rgb(255,255,255);\n}\n#text-1823363745 > * {\n  color: rgb(255,255,255);\n}\n<\/style>\n\t<\/div>\n\t\n\n\t\t<\/div>\n\t\t\t\t\n<style>\n#col-132141969 > .col-inner {\n  border-radius: 100px;\n}\n<\/style>\n\t<\/div>\n\n\t\n\n<\/div>\n\n\t\t<\/div>\n\t\t\t\t\t<\/div>\n\n\t\n\n\t<div id=\"col-1131273361\" class=\"col medium-3 small-6 large-3\"  >\n\t\t\t\t<div class=\"col-inner\"  >\n\t\t\t\n\t\t\t\n\n<div class=\"row\"  id=\"row-113655052\">\n\n\n\t<div id=\"col-1791153272\" class=\"col small-12 large-12\"  >\n\t\t\t\t<div class=\"col-inner\" style=\"background-color:#446084;\" >\n\t\t\t\n\t\t\t\n\n\t<div id=\"text-1068349263\" class=\"text\">\n\t\t\n\n<p>Fecha Regreso<\/p>\n\t\t\n<style>\n#text-1068349263 {\n  color: rgb(255,255,255);\n}\n#text-1068349263 > * {\n  color: rgb(255,255,255);\n}\n<\/style>\n\t<\/div>\n\t\n\n\t\t<\/div>\n\t\t\t\t\n<style>\n#col-1791153272 > .col-inner {\n  border-radius: 100px;\n}\n<\/style>\n\t<\/div>\n\n\t\n\n<\/div>\n\n\t\t<\/div>\n\t\t\t\t\t<\/div>\n\n\t\n\n<\/div>\n\t<div id=\"gap-1923813419\" class=\"gap-element clearfix\" style=\"display:block; height:auto;\">\n\t\t\n<style>\n#gap-1923813419 {\n  padding-top: 30px;\n}\n<\/style>\n\t<\/div>\n\t\n\n\n\t\t<\/div>\n\t\t\t\t\n<style>\n#col-1183470819 > .col-inner {\n  padding: 40px 0px 0px 0px;\n}\n<\/style>\n\t<\/div>\n\n\t\n\n<\/div>\n\n<\/div><\/div><\/div>\n<div class=\"row\"  id=\"row-1993081164\">\n\n\n\t<div id=\"col-433321374\" class=\"col small-12 large-12 col-divided\"  data-animate=\"fadeInLeft\">\n\t\t\t\t<div class=\"col-inner\"  >\n\t\t\t\n\t\t\t\n\n\t<div id=\"gap-796808735\" class=\"gap-element clearfix\" style=\"display:block; height:auto;\">\n\t\t\n<style>\n#gap-796808735 {\n  padding-top: 30px;\n}\n<\/style>\n\t<\/div>\n\t\n\n<h5 style=\"text-align: center;\"><span style=\"color: #333333;\"><strong>CENTRAL ARGENTINO<\/strong><\/span><\/h5>\n<h3 style=\"text-align: center;\">68 A\u00f1os Transportando a los Argentinos<\/h3>\n\t<div id=\"gap-1795688713\" class=\"gap-element clearfix\" style=\"display:block; height:auto;\">\n\t\t\n<style>\n#gap-1795688713 {\n  padding-top: 30px;\n}\n<\/style>\n\t<\/div>\n\t\n\n<div class=\"row row-collapse row-full-width\"  id=\"row-952910112\">\n\n\n\t<div id=\"col-1613213145\" class=\"col medium-4 small-12 large-4\"  >\n\t\t\t\t<div class=\"col-inner\"  >\n\t\t\t\n\t\t\t\n\n\t<div class=\"box has-hover   has-hover box-text-bottom\" >\n\n\t\t<div class=\"box-image\" >\n\t\t\t\t\t\t<div class=\"image-cover\" style=\"padding-top:56.25%;\">\n\t\t\t\t<img loading=\"lazy\" decoding=\"async\" width=\"600\" height=\"317\" src=\"https:\/\/central-argentino.com.ar\/wp-content\/uploads\/2023\/08\/img-news.jpg\" class=\"attachment- size-\" alt=\"\" srcset=\"https:\/\/central-argentino.com.ar\/wp-content\/uploads\/2023\/08\/img-news.jpg 600w, https:\/\/central-argentino.com.ar\/wp-content\/uploads\/2023\/08\/img-news-300x159.jpg 300w\" sizes=\"auto, (max-width: 600px) 100vw, 600px\" \/>\t\t\t\t\t\t\t\t\t\t\t<\/div>\n\t\t\t\t\t<\/div>\n\n\t\t<div class=\"box-text text-center\" >\n\t\t\t<div class=\"box-text-inner\">\n\t\t\t\t\n\n<h4 style=\"text-align: left;\">MENDOZA<\/h4>\n<p style=\"text-align: left;\">La Ciudad de Mendoza se emplaza como una de las m\u00e1s importantes de Argentina, posicionada como el cuarto conglomerado del pa\u00eds, punto estrat\u00e9gico del desarrollo socio-econ\u00f3mico del Mercosur y v\u00ednculo con Chile. Fue reconocida por la gesti\u00f3n realizada en el Ranking de municipios 2018, premio que otorga el Ministerio del Interior de la Naci\u00f3n.<\/p>\n<p>&nbsp;<\/p>\n<h3>&nbsp;<\/h3>\n\n\t\t\t<\/div>\n\t\t<\/div>\n\t<\/div>\n\t\n\n\t\t<\/div>\n\t\t\t\t\t<\/div>\n\n\t\n\n\t<div id=\"col-1395681052\" class=\"col medium-4 small-12 large-4\"  >\n\t\t\t\t<div class=\"col-inner\"  >\n\t\t\t\n\t\t\t\n\n\t<div class=\"box has-hover   has-hover box-text-bottom\" >\n\n\t\t<div class=\"box-image\" >\n\t\t\t\t\t\t<div class=\"image-cover\" style=\"padding-top:56.25%;\">\n\t\t\t\t<img loading=\"lazy\" decoding=\"async\" width=\"600\" height=\"317\" src=\"https:\/\/central-argentino.com.ar\/wp-content\/uploads\/2023\/08\/img-news1.jpg\" class=\"attachment- size-\" alt=\"\" srcset=\"https:\/\/central-argentino.com.ar\/wp-content\/uploads\/2023\/08\/img-news1.jpg 600w, https:\/\/central-argentino.com.ar\/wp-content\/uploads\/2023\/08\/img-news1-300x159.jpg 300w\" sizes=\"auto, (max-width: 600px) 100vw, 600px\" \/>\t\t\t\t\t\t\t\t\t\t\t<\/div>\n\t\t\t\t\t<\/div>\n\n\t\t<div class=\"box-text text-center\" >\n\t\t\t<div class=\"box-text-inner\">\n\t\t\t\t\n\n<h4 style=\"text-align: left;\">BUENOS AIRES<\/h4>\n<p style=\"text-align: left;\">Buenos Aires es una ciudad cosmopolita y un importante destino tur\u00edstico.Su compleja infraestructura la convierte en una de las metr\u00f3polis de mayor importancia en Am\u00e9rica y es una ciudad global de categor\u00eda alfa, dadas sus influencias en el comercio, finanzas, moda, arte, gastronom\u00eda, educaci\u00f3n, entretenimiento y principalmente en su marcada cultura.<\/p>\n\n\t\t\t<\/div>\n\t\t<\/div>\n\t<\/div>\n\t\n\n\t\t<\/div>\n\t\t\t\t\t<\/div>\n\n\t\n\n\t<div id=\"col-500403381\" class=\"col medium-4 small-12 large-4\"  >\n\t\t\t\t<div class=\"col-inner\"  >\n\t\t\t\n\t\t\t\n\n\t<div class=\"box has-hover   has-hover box-text-bottom\" >\n\n\t\t<div class=\"box-image\" >\n\t\t\t\t\t\t<div class=\"image-cover\" style=\"padding-top:56.25%;\">\n\t\t\t\t<img loading=\"lazy\" decoding=\"async\" width=\"600\" height=\"317\" src=\"https:\/\/central-argentino.com.ar\/wp-content\/uploads\/2023\/08\/img-news2.jpg\" class=\"attachment- size-\" alt=\"\" srcset=\"https:\/\/central-argentino.com.ar\/wp-content\/uploads\/2023\/08\/img-news2.jpg 600w, https:\/\/central-argentino.com.ar\/wp-content\/uploads\/2023\/08\/img-news2-300x159.jpg 300w\" sizes=\"auto, (max-width: 600px) 100vw, 600px\" \/>\t\t\t\t\t\t\t\t\t\t\t<\/div>\n\t\t\t\t\t<\/div>\n\n\t\t<div class=\"box-text text-center\" >\n\t\t\t<div class=\"box-text-inner\">\n\t\t\t\t\n\n<h4>ROSARIO<\/h4>\n<p>Rosario es una importante ciudad portuaria de Argentina que se encuentra a la orilla del r\u00edo Paran\u00e1, a 300 km de la capital, Buenos Aires. El Monumento Nacional a la Bandera se ubica al lado del r\u00edo y es un gran complejo con un obelisco que rinde homenaje al primer izamiento de la bandera nacional durante la Guerra de Independencia de Argentina en el siglo XIX.<\/p>\n\n\t\t\t<\/div>\n\t\t<\/div>\n\t<\/div>\n\t\n\n\t\t<\/div>\n\t\t\t\t\t<\/div>\n\n\t\n\n<\/div>\n\n\t\t<\/div>\n\t\t\t\t\t<\/div>\n\n\t\n\n<\/div>\n  <style>\n    #cats-1320224458 .grid-col-1{height: 400px}\n    #cats-1320224458 .grid-col-1-2{height: 200px}\n    #cats-1320224458 .grid-col-1-3{height:133.33333333333px}\n    #cats-1320224458 .grid-col-2-3{height: 266.66666666667px}\n    #cats-1320224458 .grid-col-1-4{height: 100px}\n    #cats-1320224458 .grid-col-3-4{height: 300px}\n\n\n        \/* Tablet *\/\n    @media (max-width: 850px){\n      #cats-1320224458 .grid-col-1{height: 266.66666666667px}\n      #cats-1320224458 .grid-col-1-2{height: 133.33333333333px}\n      #cats-1320224458 .grid-col-1-3{height:88.888888888889px}\n      #cats-1320224458 .grid-col-2-3{height: 177.77777777778px}\n      #cats-1320224458 .grid-col-1-4{height: 66.666666666667px}\n      #cats-1320224458 .grid-col-3-4{height: 200px}\n    }\n    \n        \/* Mobile *\/\n    @media (max-width: 550px){\n      #cats-1320224458 .grid-col-1{height: 266.66666666667px}\n      #cats-1320224458 .grid-col-1-2{height: 133.33333333333px}\n      #cats-1320224458 .grid-col-1-3{height:88.888888888889px}\n      #cats-1320224458 .grid-col-2-3{height: 177.77777777778px}\n      #cats-1320224458 .grid-col-1-4{height: 66.666666666667px}\n      #cats-1320224458 .grid-col-3-4{height: 200px}\n    }\n    \n\n  <\/style>\n  \n  \n    <div id=\"cats-1320224458\" class=\"row row-small row-grid\" data-packery-options='{\"itemSelector\": \".col\", \"gutter\": 0, \"presentageWidth\" : true}'>\n\n  <\/div>\n\n\n  \n    <div class=\"row large-columns-4 medium-columns-3 small-columns-2 row-small slider row-slider slider-nav-reveal slider-nav-push\"  data-flickity-options='{\"imagesLoaded\": true, \"groupCells\": \"100%\", \"dragThreshold\" : 5, \"cellAlign\": \"left\",\"wrapAround\": true,\"prevNextButtons\": true,\"percentPosition\": true,\"pageDots\": false, \"rightToLeft\": false, \"autoPlay\" : false}' >\n\n  \t<\/div>\n\n\n  <div class=\"banner has-hover\" id=\"banner-719241835\">\n          <div class=\"banner-inner fill\">\n        <div class=\"banner-bg fill\" >\n            <div class=\"bg fill bg-fill \"><\/div>\n                                    \n                    <\/div>\n\t\t\n        <div class=\"banner-layers container\">\n            <div class=\"fill banner-link\"><\/div>            \n\n   <div id=\"text-box-1270400793\" class=\"text-box banner-layer x50 md-x50 lg-x50 y50 md-y50 lg-y50 res-text\">\n                     <div data-animate=\"fadeInRight\">           <div class=\"text-box-content text dark\">\n              \n              <div class=\"text-inner text-center\">\n                  \n\n<h3>As\u00ed qued\u00f3 la nueva Terminal de \u00d3mnibus de Mendoza<\/h3>\n<div class=\"col-md-12\">\n<div class=\"text-center\">\n<p><span style=\"font-size: 85%;\">Se trata de la primera etapa que comprende el ala norte de la Terminal. Cerca de 50 mil personas recorren su estructura a diario.<\/span><\/p>\n<p>\u00a0<\/p>\n<\/div>\n<\/div>\n<div class=\"row\"  id=\"row-1859076033\">\n\n\n\t<div id=\"col-879137264\" class=\"col medium-4 small-12 large-4\"  >\n\t\t\t\t<div class=\"col-inner\"  >\n\t\t\t\n\t\t\t\n\n\t<div class=\"img has-hover x md-x lg-x y md-y lg-y\" id=\"image_2076427896\">\n\t\t\t\t\t\t\t\t<div class=\"img-inner dark\" >\n\t\t\t<img loading=\"lazy\" decoding=\"async\" width=\"851\" height=\"394\" src=\"https:\/\/central-argentino.com.ar\/wp-content\/uploads\/2023\/08\/img1.jpg\" class=\"attachment-large size-large\" alt=\"\" srcset=\"https:\/\/central-argentino.com.ar\/wp-content\/uploads\/2023\/08\/img1.jpg 851w, https:\/\/central-argentino.com.ar\/wp-content\/uploads\/2023\/08\/img1-300x139.jpg 300w, https:\/\/central-argentino.com.ar\/wp-content\/uploads\/2023\/08\/img1-768x356.jpg 768w, https:\/\/central-argentino.com.ar\/wp-content\/uploads\/2023\/08\/img1-600x278.jpg 600w\" sizes=\"auto, (max-width: 851px) 100vw, 851px\" \/>\t\t\t\t\t\t\n\t\t\t\t\t<\/div>\n\t\t\t\t\t\t\t\t\n<style>\n#image_2076427896 {\n  width: 100%;\n}\n<\/style>\n\t<\/div>\n\t\n\n\n\t\t<\/div>\n\t\t\t\t\t<\/div>\n\n\t\n\n\t<div id=\"col-1742525950\" class=\"col medium-4 small-12 large-4\"  >\n\t\t\t\t<div class=\"col-inner\"  >\n\t\t\t\n\t\t\t\n\n\t<div class=\"img has-hover x md-x lg-x y md-y lg-y\" id=\"image_307887570\">\n\t\t\t\t\t\t\t\t<div class=\"img-inner dark\" >\n\t\t\t<img loading=\"lazy\" decoding=\"async\" width=\"851\" height=\"394\" src=\"https:\/\/central-argentino.com.ar\/wp-content\/uploads\/2023\/08\/img2.jpg\" class=\"attachment-large size-large\" alt=\"\" srcset=\"https:\/\/central-argentino.com.ar\/wp-content\/uploads\/2023\/08\/img2.jpg 851w, https:\/\/central-argentino.com.ar\/wp-content\/uploads\/2023\/08\/img2-300x139.jpg 300w, https:\/\/central-argentino.com.ar\/wp-content\/uploads\/2023\/08\/img2-768x356.jpg 768w, https:\/\/central-argentino.com.ar\/wp-content\/uploads\/2023\/08\/img2-600x278.jpg 600w\" sizes=\"auto, (max-width: 851px) 100vw, 851px\" \/>\t\t\t\t\t\t\n\t\t\t\t\t<\/div>\n\t\t\t\t\t\t\t\t\n<style>\n#image_307887570 {\n  width: 100%;\n}\n<\/style>\n\t<\/div>\n\t\n\n\n\t\t<\/div>\n\t\t\t\t\t<\/div>\n\n\t\n\n\t<div id=\"col-106611101\" class=\"col medium-4 small-12 large-4\"  >\n\t\t\t\t<div class=\"col-inner\"  >\n\t\t\t\n\t\t\t\n\n\t<div class=\"img has-hover x md-x lg-x y md-y lg-y\" id=\"image_1451646778\">\n\t\t\t\t\t\t\t\t<div class=\"img-inner dark\" >\n\t\t\t<img loading=\"lazy\" decoding=\"async\" width=\"851\" height=\"394\" src=\"https:\/\/central-argentino.com.ar\/wp-content\/uploads\/2023\/08\/img3.jpg\" class=\"attachment-large size-large\" alt=\"\" srcset=\"https:\/\/central-argentino.com.ar\/wp-content\/uploads\/2023\/08\/img3.jpg 851w, https:\/\/central-argentino.com.ar\/wp-content\/uploads\/2023\/08\/img3-300x139.jpg 300w, https:\/\/central-argentino.com.ar\/wp-content\/uploads\/2023\/08\/img3-768x356.jpg 768w, https:\/\/central-argentino.com.ar\/wp-content\/uploads\/2023\/08\/img3-600x278.jpg 600w\" sizes=\"auto, (max-width: 851px) 100vw, 851px\" \/>\t\t\t\t\t\t\n\t\t\t\t\t<\/div>\n\t\t\t\t\t\t\t\t\n<style>\n#image_1451646778 {\n  width: 100%;\n}\n<\/style>\n\t<\/div>\n\t\n\n\n\t\t<\/div>\n\t\t\t\t\t<\/div>\n\n\t\n\n<\/div>\n<p style=\"text-align: center;\">\u201cMendoza cuenta hoy con una infraestructura tur\u00edstica mucho mejor y m\u00e1s moderna que la de hace unos a\u00f1os. Al aeropuerto totalmente renovado se suma esta flamante ala de la terminal de \u00f3mnibus\u201d, destac\u00f3 el gobernador.<\/p>\n\n              <\/div>\n           <\/div>\n       <\/div>                     \n<style>\n#text-box-1270400793 {\n  width: 79%;\n}\n#text-box-1270400793 .text-box-content {\n  font-size: 158%;\n}\n@media (min-width:550px) {\n  #text-box-1270400793 {\n    width: 92%;\n  }\n  #text-box-1270400793 .text-box-content {\n    font-size: 100%;\n  }\n}\n<\/style>\n    <\/div>\n \n\n        <\/div>\n      <\/div>\n\n            \n<style>\n#banner-719241835 {\n  padding-top: 426px;\n}\n<\/style>\n  <\/div>\n\n\n\n","protected":false},"excerpt":{"rendered":"","protected":false},"author":1,"featured_media":0,"parent":0,"menu_order":0,"comment_status":"closed","ping_status":"closed","template":"page-transparent-header-light.php","meta":{"footnotes":""},"class_list":["post-15","page","type-page","status-publish","hentry"],"_links":{"self":[{"href":"https:\/\/central-argentino.com.ar\/index.php\/wp-json\/wp\/v2\/pages\/15","targetHints":{"allow":["GET"]}}],"collection":[{"href":"https:\/\/central-argentino.com.ar\/index.php\/wp-json\/wp\/v2\/pages"}],"about":[{"href":"https:\/\/central-argentino.com.ar\/index.php\/wp-json\/wp\/v2\/types\/page"}],"author":[{"embeddable":true,"href":"https:\/\/central-argentino.com.ar\/index.php\/wp-json\/wp\/v2\/users\/1"}],"replies":[{"embeddable":true,"href":"https:\/\/central-argentino.com.ar\/index.php\/wp-json\/wp\/v2\/comments?post=15"}],"version-history":[{"count":33,"href":"https:\/\/central-argentino.com.ar\/index.php\/wp-json\/wp\/v2\/pages\/15\/revisions"}],"predecessor-version":[{"id":81,"href":"https:\/\/central-argentino.com.ar\/index.php\/wp-json\/wp\/v2\/pages\/15\/revisions\/81"}],"wp:attachment":[{"href":"https:\/\/central-argentino.com.ar\/index.php\/wp-json\/wp\/v2\/media?parent=15"}],"curies":[{"name":"wp","href":"https:\/\/api.w.org\/{rel}","templated":true}]}}